{"id":6443,"date":"2023-08-21T12:11:30","date_gmt":"2023-08-21T12:11:30","guid":{"rendered":"https:\/\/barcelonakush.com\/?page_id=6443"},"modified":"2024-06-20T23:04:51","modified_gmt":"2024-06-20T23:04:51","slug":"verlosung-donnerstag-2","status":"publish","type":"page","link":"https:\/\/barcelonakush.com\/de\/verlosung-donnerstag-2\/","title":{"rendered":"DONNERSTAGSZEICHNUNGEN"},"content":{"rendered":"\t\t<div data-elementor-type=\"wp-page\" data-elementor-id=\"6443\" class=\"elementor elementor-6443\" data-elementor-post-type=\"page\">\n\t\t\t\t\t\t<section class=\"elementor-section elementor-top-section elementor-element elementor-element-66c17f8 elementor-section-boxed elementor-section-height-default elementor-section-height-default\" data-id=\"66c17f8\" data-element_type=\"section\" data-e-type=\"section\">\n\t\t\t\t\t\t<div class=\"elementor-container elementor-column-gap-default\">\n\t\t\t\t\t<div class=\"elementor-column elementor-col-100 elementor-top-column elementor-element elementor-element-18f7c7e\" data-id=\"18f7c7e\" data-element_type=\"column\" data-e-type=\"column\">\n\t\t\t<div class=\"elementor-widget-wrap elementor-element-populated\">\n\t\t\t\t\t\t<section class=\"elementor-section elementor-inner-section elementor-element elementor-element-514728b elementor-section-boxed elementor-section-height-default elementor-section-height-default\" data-id=\"514728b\" data-element_type=\"section\" data-e-type=\"section\">\n\t\t\t\t\t\t<div class=\"elementor-container elementor-column-gap-default\">\n\t\t\t\t\t<div class=\"elementor-column elementor-col-50 elementor-inner-column elementor-element elementor-element-663a5e4\" data-id=\"663a5e4\" data-element_type=\"column\" data-e-type=\"column\">\n\t\t\t<div class=\"elementor-widget-wrap\">\n\t\t\t\t\t\t\t<\/div>\n\t\t<\/div>\n\t\t\t\t<div class=\"elementor-column elementor-col-50 elementor-inner-column elementor-element elementor-element-d007d3b\" data-id=\"d007d3b\" data-element_type=\"column\" data-e-type=\"column\">\n\t\t\t<div class=\"elementor-widget-wrap\">\n\t\t\t\t\t\t\t<\/div>\n\t\t<\/div>\n\t\t\t\t\t<\/div>\n\t\t<\/section>\n\t\t\t\t\t<\/div>\n\t\t<\/div>\n\t\t\t\t\t<\/div>\n\t\t<\/section>\n\t\t\t\t<section class=\"elementor-section elementor-top-section elementor-element elementor-element-c0f0def elementor-section-height-min-height elementor-section-content-middle elementor-section-items-stretch elementor-section-boxed elementor-section-height-default\" data-id=\"c0f0def\" data-element_type=\"section\" data-e-type=\"section\" data-settings=\"{&quot;background_background&quot;:&quot;gradient&quot;}\">\n\t\t\t\t\t\t<div class=\"elementor-container elementor-column-gap-default\">\n\t\t\t\t\t<div class=\"elementor-column elementor-col-50 elementor-top-column elementor-element elementor-element-6b4d211d\" data-id=\"6b4d211d\" data-element_type=\"column\" data-e-type=\"column\">\n\t\t\t<div class=\"elementor-widget-wrap elementor-element-populated\">\n\t\t\t\t\t\t<div class=\"elementor-element elementor-element-a97cb4b elementor-widget elementor-widget-heading\" data-id=\"a97cb4b\" data-element_type=\"widget\" data-e-type=\"widget\" data-widget_type=\"heading.default\">\n\t\t\t\t\t<h1 class=\"elementor-heading-title elementor-size-default\">JUEVES de sorteos<\/h1>\t\t\t\t<\/div>\n\t\t\t\t<div class=\"elementor-element elementor-element-36b53c42 elementor-icon-list--layout-inline elementor-list-item-link-full_width elementor-widget elementor-widget-icon-list\" data-id=\"36b53c42\" data-element_type=\"widget\" data-e-type=\"widget\" data-widget_type=\"icon-list.default\">\n\t\t\t\t\t\t\t<ul class=\"elementor-icon-list-items elementor-inline-items\">\n\t\t\t\t\t\t\t<li class=\"elementor-icon-list-item elementor-inline-item\">\n\t\t\t\t\t\t\t\t\t\t\t<span class=\"elementor-icon-list-icon\">\n\t\t\t\t\t\t\t<svg aria-hidden=\"true\" class=\"e-font-icon-svg e-fas-joint\" viewBox=\"0 0 640 512\" xmlns=\"http:\/\/www.w3.org\/2000\/svg\"><path d=\"M444.34 181.1c22.38 15.68 35.66 41.16 35.66 68.59V280c0 4.42 3.58 8 8 8h48c4.42 0 8-3.58 8-8v-30.31c0-43.24-21.01-83.41-56.34-108.06C463.85 125.02 448 99.34 448 70.31V8c0-4.42-3.58-8-8-8h-48c-4.42 0-8 3.58-8 8v66.4c0 43.69 24.56 81.63 60.34 106.7zM194.97 358.98C126.03 370.07 59.69 394.69 0 432c83.65 52.28 180.3 80 278.94 80h88.57L254.79 380.49c-14.74-17.2-37.45-25.11-59.82-21.51zM553.28 87.09c-5.67-3.8-9.28-9.96-9.28-16.78V8c0-4.42-3.58-8-8-8h-48c-4.42 0-8 3.58-8 8v62.31c0 22.02 10.17 43.41 28.64 55.39C550.79 153.04 576 199.54 576 249.69V280c0 4.42 3.58 8 8 8h48c4.42 0 8-3.58 8-8v-30.31c0-65.44-32.41-126.19-86.72-162.6zM360.89 352.05c-34.4.06-86.81.15-88.21.17l117.8 137.43A63.987 63.987 0 0 0 439.07 512h88.45L409.57 374.4a63.955 63.955 0 0 0-48.68-22.35zM616 352H432l117.99 137.65A63.987 63.987 0 0 0 598.58 512H616c13.25 0 24-10.75 24-24V376c0-13.26-10.75-24-24-24z\"><\/path><\/svg>\t\t\t\t\t\t<\/span>\n\t\t\t\t\t\t\t\t\t\t<span class=\"elementor-icon-list-text\"><\/span>\n\t\t\t\t\t\t\t\t\t<\/li>\n\t\t\t\t\t\t\t\t<li class=\"elementor-icon-list-item elementor-inline-item\">\n\t\t\t\t\t\t\t\t\t\t\t<span class=\"elementor-icon-list-icon\">\n\t\t\t\t\t\t\t<svg aria-hidden=\"true\" class=\"e-font-icon-svg e-fas-bong\" viewBox=\"0 0 448 512\" xmlns=\"http:\/\/www.w3.org\/2000\/svg\"><path d=\"M302.5 512c23.18 0 44.43-12.58 56-32.66C374.69 451.26 384 418.75 384 384c0-36.12-10.08-69.81-27.44-98.62L400 241.94l9.38 9.38c6.25 6.25 16.38 6.25 22.63 0l11.3-11.32c6.25-6.25 6.25-16.38 0-22.63l-52.69-52.69c-6.25-6.25-16.38-6.25-22.63 0l-11.31 11.31c-6.25 6.25-6.25 16.38 0 22.63l9.38 9.38-39.41 39.41c-11.56-11.37-24.53-21.33-38.65-29.51V63.74l15.97-.02c8.82-.01 15.97-7.16 15.98-15.98l.04-31.72C320 7.17 312.82-.01 303.97 0L80.03.26c-8.82.01-15.97 7.16-15.98 15.98l-.04 31.73c-.01 8.85 7.17 16.02 16.02 16.01L96 63.96v153.93C38.67 251.1 0 312.97 0 384c0 34.75 9.31 67.27 25.5 95.34C37.08 499.42 58.33 512 81.5 512h221zM120.06 259.43L144 245.56V63.91l96-.11v181.76l23.94 13.87c24.81 14.37 44.12 35.73 56.56 60.57h-257c12.45-24.84 31.75-46.2 56.56-60.57z\"><\/path><\/svg>\t\t\t\t\t\t<\/span>\n\t\t\t\t\t\t\t\t\t\t<span class=\"elementor-icon-list-text\"><\/span>\n\t\t\t\t\t\t\t\t\t<\/li>\n\t\t\t\t\t\t<\/ul>\n\t\t\t\t\t\t<\/div>\n\t\t\t\t<div class=\"elementor-element elementor-element-4f21bea7 elementor-widget-divider--view-line elementor-widget elementor-widget-divider\" data-id=\"4f21bea7\" data-element_type=\"widget\" data-e-type=\"widget\" data-widget_type=\"divider.default\">\n\t\t\t\t\t\t\t<div class=\"elementor-divider\">\n\t\t\t<span class=\"elementor-divider-separator\">\n\t\t\t\t\t\t<\/span>\n\t\t<\/div>\n\t\t\t\t\t\t<\/div>\n\t\t\t\t<div class=\"elementor-element elementor-element-1183889 elementor-widget elementor-widget-text-editor\" data-id=\"1183889\" data-element_type=\"widget\" data-e-type=\"widget\" data-widget_type=\"text-editor.default\">\n\t\t\t\t\t\t\t\t\t<span style=\"color: #ffffff;\">Te invitamos a nuestro emocionante evento en el Club Cann\u00e1bico, todos los jueves son de sorpresas y diversi\u00f3n. \u00danete a nosotros para la oportunidad de ganar incre\u00edbles premios en nuestros emocionantes sorteos. Disfruta de un ambiente relajado y amigable mientras compartes momentos \u00fanicos. \u00a1No te pierdas la oportunidad de unirte a la diversi\u00f3n y llevarte premios geniales! Te esperamos para una noche llena de emoci\u00f3n y camarader\u00eda.<\/span>\t\t\t\t\t\t\t\t<\/div>\n\t\t\t\t<div class=\"elementor-element elementor-element-51e99ee8 elementor-widget elementor-widget-heading\" data-id=\"51e99ee8\" data-element_type=\"widget\" data-e-type=\"widget\" data-widget_type=\"heading.default\">\n\t\t\t\t\t<h4 class=\"elementor-heading-title elementor-size-default\">T\u00c9RMINOS SOBRE EL EVENTO<\/h4>\t\t\t\t<\/div>\n\t\t\t\t<div class=\"elementor-element elementor-element-4bdf1d33 elementor-widget elementor-widget-text-editor\" data-id=\"4bdf1d33\" data-element_type=\"widget\" data-e-type=\"widget\" data-widget_type=\"text-editor.default\">\n\t\t\t\t\t\t\t\t\t<ul>\n <li>Fomentamos el consumo responsable y recordamos a todos los asistentes consumir cannabis con moderaci\u00f3n.<\/li>\n <li>Este evento est\u00e1 destinado \u00fanicamente a fines educativos y recreativos.<\/li>\n <li>Traiga una identificaci\u00f3n v\u00e1lida para verificar su edad e identidad.<\/li>\n<\/ul>\t\t\t\t\t\t\t\t<\/div>\n\t\t\t\t\t<\/div>\n\t\t<\/div>\n\t\t\t\t<div class=\"elementor-column elementor-col-50 elementor-top-column elementor-element elementor-element-318e2e42\" data-id=\"318e2e42\" data-element_type=\"column\" data-e-type=\"column\" data-settings=\"{&quot;background_background&quot;:&quot;classic&quot;}\">\n\t\t\t<div class=\"elementor-widget-wrap elementor-element-populated\">\n\t\t\t\t\t\t<div class=\"elementor-element elementor-element-7c6093a1 elementor-widget elementor-widget-spacer\" data-id=\"7c6093a1\" data-element_type=\"widget\" data-e-type=\"widget\" data-widget_type=\"spacer.default\">\n\t\t\t\t\t\t\t<div class=\"elementor-spacer\">\n\t\t\t<div class=\"elementor-spacer-inner\"><\/div>\n\t\t<\/div>\n\t\t\t\t\t\t<\/div>\n\t\t\t\t<div class=\"elementor-element elementor-element-5f73788f elementor-widget__width-auto elementor-absolute elementor-widget elementor-widget-image\" data-id=\"5f73788f\" data-element_type=\"widget\" data-e-type=\"widget\" data-settings=\"{&quot;_position&quot;:&quot;absolute&quot;,&quot;motion_fx_motion_fx_scrolling&quot;:&quot;yes&quot;,&quot;motion_fx_translateY_effect&quot;:&quot;yes&quot;,&quot;motion_fx_translateY_affectedRange&quot;:{&quot;unit&quot;:&quot;%&quot;,&quot;size&quot;:&quot;&quot;,&quot;sizes&quot;:{&quot;start&quot;:&quot;53&quot;,&quot;end&quot;:&quot;83&quot;}},&quot;motion_fx_translateY_speed&quot;:{&quot;unit&quot;:&quot;px&quot;,&quot;size&quot;:4,&quot;sizes&quot;:[]},&quot;motion_fx_devices&quot;:[&quot;desktop&quot;,&quot;tablet&quot;,&quot;mobile&quot;]}\" data-widget_type=\"image.default\">\n\t\t\t\t\t\t\t\t\t\t\t\t\t\t\t<img decoding=\"async\" src=\"https:\/\/barcelonakush.com\/wp-content\/uploads\/HomePage-Hero-Shape.png\" title=\"\" alt=\"\" loading=\"lazy\">\t\t\t\t\t\t\t\t\t\t\t\t\t\t\t<\/div>\n\t\t\t\t\t<\/div>\n\t\t<\/div>\n\t\t\t\t\t<\/div>\n\t\t<\/section>\n\t\t\t\t<section class=\"elementor-section elementor-top-section elementor-element elementor-element-52bc0aa3 elementor-section-height-min-height elementor-section-content-middle elementor-section-items-stretch elementor-section-boxed elementor-section-height-default\" data-id=\"52bc0aa3\" data-element_type=\"section\" data-e-type=\"section\" data-settings=\"{&quot;background_background&quot;:&quot;classic&quot;}\">\n\t\t\t\t\t\t<div class=\"elementor-container elementor-column-gap-default\">\n\t\t\t\t\t<div class=\"elementor-column elementor-col-50 elementor-top-column elementor-element elementor-element-12813836\" data-id=\"12813836\" data-element_type=\"column\" data-e-type=\"column\" data-settings=\"{&quot;background_background&quot;:&quot;classic&quot;}\">\n\t\t\t<div class=\"elementor-widget-wrap elementor-element-populated\">\n\t\t\t\t\t\t<div class=\"elementor-element elementor-element-234c8a3b elementor-widget elementor-widget-spacer\" data-id=\"234c8a3b\" data-element_type=\"widget\" data-e-type=\"widget\" data-widget_type=\"spacer.default\">\n\t\t\t\t\t\t\t<div class=\"elementor-spacer\">\n\t\t\t<div class=\"elementor-spacer-inner\"><\/div>\n\t\t<\/div>\n\t\t\t\t\t\t<\/div>\n\t\t\t\t\t<\/div>\n\t\t<\/div>\n\t\t\t\t<div class=\"elementor-column elementor-col-50 elementor-top-column elementor-element elementor-element-391c65e\" data-id=\"391c65e\" data-element_type=\"column\" data-e-type=\"column\" data-settings=\"{&quot;background_background&quot;:&quot;classic&quot;}\">\n\t\t\t<div class=\"elementor-widget-wrap elementor-element-populated\">\n\t\t\t\t\t\t<div class=\"elementor-element elementor-element-41005df4 elementor-widget elementor-widget-spacer\" data-id=\"41005df4\" data-element_type=\"widget\" data-e-type=\"widget\" data-widget_type=\"spacer.default\">\n\t\t\t\t\t\t\t<div class=\"elementor-spacer\">\n\t\t\t<div class=\"elementor-spacer-inner\"><\/div>\n\t\t<\/div>\n\t\t\t\t\t\t<\/div>\n\t\t\t\t\t<\/div>\n\t\t<\/div>\n\t\t\t\t\t<\/div>\n\t\t<\/section>\n\t\t\t\t<\/div>\n\t\t","protected":false},"excerpt":{"rendered":"<p>JUEVES de sorteos Te invitamos a nuestro emocionante evento en el Club Cann\u00e1bico, todos los jueves son de sorpresas y diversi\u00f3n. \u00danete a nosotros para la oportunidad de ganar incre\u00edbles premios en nuestros emocionantes sorteos. Disfruta de un ambiente relajado y amigable mientras compartes momentos \u00fanicos. \u00a1No te pierdas la oportunidad de unirte a la &#8230; <a title=\"DONNERSTAGSZEICHNUNGEN\" class=\"read-more\" href=\"https:\/\/barcelonakush.com\/de\/verlosung-donnerstag-2\/\" aria-label=\"Mehr Informationen \u00fcber JUEVES DE SORTEOS\">Weiterlesen<\/a><\/p>","protected":false},"author":5,"featured_media":0,"parent":0,"menu_order":0,"comment_status":"closed","ping_status":"closed","template":"","meta":{"_joinchat":[],"footnotes":""},"class_list":["post-6443","page","type-page","status-publish"],"_links":{"self":[{"href":"https:\/\/barcelonakush.com\/de\/wp-json\/wp\/v2\/pages\/6443","targetHints":{"allow":["GET"]}}],"collection":[{"href":"https:\/\/barcelonakush.com\/de\/wp-json\/wp\/v2\/pages"}],"about":[{"href":"https:\/\/barcelonakush.com\/de\/wp-json\/wp\/v2\/types\/page"}],"author":[{"embeddable":true,"href":"https:\/\/barcelonakush.com\/de\/wp-json\/wp\/v2\/users\/5"}],"replies":[{"embeddable":true,"href":"https:\/\/barcelonakush.com\/de\/wp-json\/wp\/v2\/comments?post=6443"}],"version-history":[{"count":0,"href":"https:\/\/barcelonakush.com\/de\/wp-json\/wp\/v2\/pages\/6443\/revisions"}],"wp:attachment":[{"href":"https:\/\/barcelonakush.com\/de\/wp-json\/wp\/v2\/media?parent=6443"}],"curies":[{"name":"wp","href":"https:\/\/api.w.org\/{rel}","templated":true}]}}