{"id":1654,"date":"2022-03-23T07:07:02","date_gmt":"2022-03-23T07:07:02","guid":{"rendered":"https:\/\/themeim.com\/wp\/sword\/?page_id=1654"},"modified":"2025-09-23T21:05:25","modified_gmt":"2025-09-23T21:05:25","slug":"devenir-membre","status":"publish","type":"page","link":"https:\/\/barcelonakush.com\/fr\/devenir-membre\/","title":{"rendered":"Devenir membre"},"content":{"rendered":"\t\t<div data-elementor-type=\"wp-page\" data-elementor-id=\"1654\" class=\"elementor elementor-1654\" data-elementor-post-type=\"page\">\n\t\t\t\t\t\t<section class=\"elementor-section elementor-top-section elementor-element elementor-element-f59a46d elementor-section-boxed elementor-section-height-default elementor-section-height-default\" data-id=\"f59a46d\" data-element_type=\"section\" data-e-type=\"section\" data-settings=\"{&quot;background_background&quot;:&quot;classic&quot;}\">\n\t\t\t\t\t\t\t<div class=\"elementor-background-overlay\"><\/div>\n\t\t\t\t\t\t\t<div class=\"elementor-container elementor-column-gap-default\">\n\t\t\t\t\t<div class=\"elementor-column elementor-col-100 elementor-top-column elementor-element elementor-element-309d22a\" data-id=\"309d22a\" data-element_type=\"column\" data-e-type=\"column\">\n\t\t\t<div class=\"elementor-widget-wrap elementor-element-populated\">\n\t\t\t\t\t\t<div class=\"elementor-element elementor-element-7772ae3 elementor-widget elementor-widget-heading\" data-id=\"7772ae3\" data-element_type=\"widget\" data-e-type=\"widget\" data-widget_type=\"heading.default\">\n\t\t\t\t\t<h1 class=\"elementor-heading-title elementor-size-default\">Hazte miembro<\/h1>\t\t\t\t<\/div>\n\t\t\t\t<div class=\"elementor-element elementor-element-4c25bdc elementor-widget elementor-widget-text-editor\" data-id=\"4c25bdc\" data-element_type=\"widget\" data-e-type=\"widget\" data-widget_type=\"text-editor.default\">\n\t\t\t\t\t\t\t\t\t<p><span style=\"color: #ffffff;\">Rellena el formulario y te enviaremos la invitaci\u00f3n de bienvenida. Recuerda que para acceder tienes que ser miembro previamente y cumplir con nuestras pol\u00edticas de acceso.<\/span><\/p>\t\t\t\t\t\t\t\t<\/div>\n\t\t\t\t\t<\/div>\n\t\t<\/div>\n\t\t\t\t\t<\/div>\n\t\t<\/section>\n\t\t\t\t<div class=\"elementor-section elementor-top-section elementor-element elementor-element-bb5e266 elementor-section-stretched elementor-section-boxed elementor-section-height-default elementor-section-height-default\" data-id=\"bb5e266\" data-element_type=\"section\" data-e-type=\"section\" data-settings=\"{&quot;stretch_section&quot;:&quot;section-stretched&quot;,&quot;background_background&quot;:&quot;classic&quot;}\">\n\t\t\t\t\t\t<div class=\"elementor-container elementor-column-gap-default\">\n\t\t\t\t\t<div class=\"elementor-column elementor-col-100 elementor-top-column elementor-element elementor-element-497faf7\" data-id=\"497faf7\" data-element_type=\"column\" data-e-type=\"column\" data-settings=\"{&quot;background_background&quot;:&quot;classic&quot;}\">\n\t\t\t<div class=\"elementor-widget-wrap elementor-element-populated\">\n\t\t\t\t\t\t<section class=\"elementor-section elementor-inner-section elementor-element elementor-element-ae62507 elementor-section-boxed elementor-section-height-default elementor-section-height-default\" data-id=\"ae62507\" data-element_type=\"section\" data-e-type=\"section\">\n\t\t\t\t\t\t<div class=\"elementor-container elementor-column-gap-default\">\n\t\t\t\t\t<div class=\"elementor-column elementor-col-100 elementor-inner-column elementor-element elementor-element-10549be\" data-id=\"10549be\" data-element_type=\"column\" data-e-type=\"column\">\n\t\t\t<div class=\"elementor-widget-wrap elementor-element-populated\">\n\t\t\t\t\t\t<div class=\"elementor-element elementor-element-81ea665 elementor-widget elementor-widget-bdt-contact-form-7\" data-id=\"81ea665\" data-element_type=\"widget\" data-e-type=\"widget\" data-widget_type=\"bdt-contact-form-7.default\">\n\t\t\t\t<div class=\"elementor-widget-container\">\n\t\t\t\t\t\n<div class=\"wpcf7 no-js\" id=\"wpcf7-f2518-o1\" lang=\"en-US\" dir=\"ltr\" data-wpcf7-id=\"2518\">\n<div class=\"screen-reader-response\"><p role=\"status\" aria-live=\"polite\" aria-atomic=\"true\"><\/p> <ul><\/ul><\/div>\n<form action=\"\/fr\/wp-json\/wp\/v2\/pages\/1654#wpcf7-f2518-o1\" method=\"post\" class=\"wpcf7-form init\" aria-label=\"Contact form\" novalidate=\"novalidate\" data-status=\"init\">\n<fieldset class=\"hidden-fields-container\"><input type=\"hidden\" name=\"_wpcf7\" value=\"2518\" \/><input type=\"hidden\" name=\"_wpcf7_version\" value=\"6.1.5\" \/><input type=\"hidden\" name=\"_wpcf7_locale\" value=\"en_US\" \/><input type=\"hidden\" name=\"_wpcf7_unit_tag\" value=\"wpcf7-f2518-o1\" \/><input type=\"hidden\" name=\"_wpcf7_container_post\" value=\"0\" \/><input type=\"hidden\" name=\"_wpcf7_posted_data_hash\" value=\"\" \/><input type=\"hidden\" name=\"_wpcf7_recaptcha_response\" value=\"\" \/>\n<\/fieldset>\n<!-- Flatpickr CSS -->\n<p><link rel=\"stylesheet\" href=\"https:\/\/cdn.jsdelivr.net\/npm\/flatpickr\/dist\/flatpickr.min.css\" \/>\n<\/p>\n\n<!-- Flatpickr JS -->\n<p><script src=\"https:\/\/cdn.jsdelivr.net\/npm\/flatpickr\"><\/script><br \/>\n<script>\ndocument.addEventListener(\"DOMContentLoaded\", function () {\n flatpickr(\"input[name='fecha-evento']\", {\n mode: \"range\",\n dateFormat: \"d\/m\/Y\",\n minDate: \"today\",\n locale: {\n rangeSeparator: \" - \"\n }\n });\n});\n\n\n<\/script>\n<\/p>\n<div class=\"account-widget-form\">\n\t<div class=\"row justify-content-center mb-20-none\">\n\t\t<div class=\"col-xl-6 col-lg-6 form-group\">\n\t\t\t<p><label>\u00bfCu\u00e1l es tu nombre?<\/label><br \/>\n<input type=\"text\" name=\"nombrefield-442\" class=\"form--control\" placeholder=\"Inserta tu nombre*\" required \/>\n\t\t\t<\/p>\n\t\t<\/div>\n\t\t<div class=\"col-xl-6 col-lg-6 form-group\">\n\t\t\t<p><label>Email<\/label><br \/>\n<input type=\"email\" name=\"email-709\" class=\"form--control\" placeholder=\"ejemplo@gmail.com*\" required \/>\n\t\t\t<\/p>\n\t\t<\/div>\n\n\n\n <!-- <div class=\"col-xl-12 form-group\">\n            <label>\u00bfCu\u00e1ndo visitar\u00e1s el club?<\/label>\n            <input type=\"date\" name=\"fecha-evento\" class=\"form--control\" required>\n        <\/div> -->\n\t\t<div class=\"col-xl-12 form-group\">\n\t\t\t<p><label for=\"fecha-evento\">\u00bfQu\u00e9 d\u00edas vendr\u00e1s a Barcelona?<\/label><br \/>\n<span class=\"wpcf7-form-control-wrap\" data-name=\"fecha-evento\"><br \/>\n<input class=\"wpcf7-form-control form--control\" type=\"text\" name=\"fecha-evento\" placeholder=\"Selecciona fechas\" \/><br \/>\n<\/span>\n\t\t\t<\/p>\n\t\t<\/div>\n\t\t<div class=\"col-xl-12 form-group\">\n\t\t\t<p><label>\u00bfAceptas nuestras <a href=\"\/politicas\/protocolo-conducta-socios\/\" rel=\"nofollow\" target=\"_blank\">pol\u00edticas de conducta de socios<\/a>, normas de acceso y <a href=\"#\" rel=\"nofollow\">pol\u00edtica de privacidad<\/a>?<\/label><br \/>\n<select name=\"aceptanormas-188\" class=\"form--control\" required>\n <option value=\"\" disabled selected>Selecciona una opci\u00f3n<\/option>\n <option value=\"s\u00ed\">S\u00cd<\/option>\n <option value=\"no\">NO<\/option>\n <\/select>\n\t\t\t<\/p>\n\t\t<\/div>\n\t\t<div class=\"col-xl-12 form-group text-center\">\n\t\t\t<p><button type=\"submit\" class=\"wpcf7-submit btn--base\">Enviar Datos<i class=\"fas fa-arrow-right ml-2\"><\/i><\/button>\n\t\t\t<\/p>\n\t\t<\/div>\n\t<\/div>\n<\/div><div class=\"wpcf7-response-output\" aria-hidden=\"true\"><\/div>\n<\/form>\n<\/div>\n\t\t\t\t<\/div>\n\t\t\t\t<\/div>\n\t\t\t\t\t<\/div>\n\t\t<\/div>\n\t\t\t\t\t<\/div>\n\t\t<\/section>\n\t\t\t\t\t<\/div>\n\t\t<\/div>\n\t\t\t\t\t<\/div>\n\t\t<\/div>\n\t\t\t\t<\/div>\n\t\t","protected":false},"excerpt":{"rendered":"<p>Hazte miembro Rellena el formulario y te enviaremos la invitaci\u00f3n de bienvenida. Recuerda que para acceder tienes que ser miembro previamente y cumplir con nuestras pol\u00edticas de acceso.<\/p>","protected":false},"author":5,"featured_media":24447,"parent":0,"menu_order":0,"comment_status":"closed","ping_status":"closed","template":"elementor_header_footer","meta":{"_joinchat":[],"footnotes":""},"class_list":["post-1654","page","type-page","status-publish","has-post-thumbnail"],"_links":{"self":[{"href":"https:\/\/barcelonakush.com\/fr\/wp-json\/wp\/v2\/pages\/1654","targetHints":{"allow":["GET"]}}],"collection":[{"href":"https:\/\/barcelonakush.com\/fr\/wp-json\/wp\/v2\/pages"}],"about":[{"href":"https:\/\/barcelonakush.com\/fr\/wp-json\/wp\/v2\/types\/page"}],"author":[{"embeddable":true,"href":"https:\/\/barcelonakush.com\/fr\/wp-json\/wp\/v2\/users\/5"}],"replies":[{"embeddable":true,"href":"https:\/\/barcelonakush.com\/fr\/wp-json\/wp\/v2\/comments?post=1654"}],"version-history":[{"count":0,"href":"https:\/\/barcelonakush.com\/fr\/wp-json\/wp\/v2\/pages\/1654\/revisions"}],"wp:featuredmedia":[{"embeddable":true,"href":"https:\/\/barcelonakush.com\/fr\/wp-json\/wp\/v2\/media\/24447"}],"wp:attachment":[{"href":"https:\/\/barcelonakush.com\/fr\/wp-json\/wp\/v2\/media?parent=1654"}],"curies":[{"name":"wp","href":"https:\/\/api.w.org\/{rel}","templated":true}]}}